{"id":22,"date":"2019-09-09T17:27:32","date_gmt":"2019-09-09T15:27:32","guid":{"rendered":"https:\/\/gospodarenjeotpadom.rijeka.hr\/cms\/?page_id=22"},"modified":"2021-01-21T15:56:48","modified_gmt":"2021-01-21T14:56:48","slug":"eu-projekti","status":"publish","type":"page","link":"https:\/\/gospodarenjeotpadom.rijeka.hr\/cms\/eu-projekti\/","title":{"rendered":"EU projekti"},"content":{"rendered":"\n<p>Projekti Grada Rijeke s podru\u010dja gospodarenja otpadom:<\/p>\n\n\n\n<h2 class=\"wp-block-heading\"><a href=\"https:\/\/gospodarenjeotpadom.rijeka.hr\/cms\/eu-projekti\/gospodarenje-otpadom\/\">Izobrazno \u2013 informativne aktivnosti o odr\u017eivom gospodarenju otpadom<\/a><\/h2>\n\n\n\n<p>Obzirom da je razvoj ekolo\u0161ke svijesti i usmjeravanje pona\u0161anja gra\u0111ana u cilju za\u0161tite okoli\u0161a, prvenstveno u cilju smanjenja stvaranja nepotrebnog otpada, te pove\u0107anja odvojenog skupljanja otpada, dugoro\u010dan proces mogu\u0107e ga je posti\u0107i samo sustavnom edukacijom svih dru\u0161tvenih skupina. S ciljem \u0161to uspje\u0161nijeg informiranja gra\u0111ana o aktivnostima vezanim uz uspostavu sustava primarne selekcije na podru\u010dju grada Rijeke, adekvatnom pru\u017eanju svih relevantnih informacija za krajnje korisnike o pravilnom postupanju s otpadom te intenzivno poticanje razvoja ekolo\u0161ke svijesti izra\u0111en je sveobuhvatni projekt izobrazno informativnih aktivnosti.<\/p>\n\n\n\n<h2 class=\"wp-block-heading\"><a href=\"https:\/\/gospodarenjeotpadom.rijeka.hr\/cms\/eu-projekti\/sortirnica\/\">Postrojenje za sortiranje odvojeno prikupljenog otpada (SORTIRNICA), smje\u0161tena u naselju Miha\u010deva Draga<\/a><\/h2>\n\n\n\n<p>Tehnolo\u0161ki proces postrojenja obuhva\u0107a prijam, su\u0161enje, sortiranje, baliranje, tehnolo\u0161ku separaciju neiskori\u0161tenog materijala i recikla\u017eu sirovina koje se mogu vrednovati na tr\u017ei\u0161tu, a u skladu s principima odr\u017eivog razvitka i za\u0161tite okoli\u0161a.<br>Planirana koli\u010dina prethodno odvojeno sakupljenog otpada koja \u0107e dnevno ulaziti u centar iznosi otprilike 50 tona, \u0161to zahtijeva kapacitet do 7 tona na sat predsortiranog komunalnog otpada koji ulazi u postrojenje.<\/p>\n\n\n\n<h2 class=\"wp-block-heading\"><a href=\"https:\/\/gospodarenjeotpadom.rijeka.hr\/cms\/eu-projekti\/reciklazno-dvoriste\/\">Recikla\u017eno dvori\u0161te u ulici Jo\u017ee Vlahovi\u0107a<\/a><\/h2>\n\n\n\n<p>Funkcionalno recikla\u017eno dvori\u0161te u sustavu gospodarenja komunalnim otpadom \u010dini jednu od va\u017enih sastavnica u svrhu osiguranja odvojenog prikupljanja, prije svega problemati\u010dnog (opasnog) otpada te otpadnog papira, metala, stakla, plastike, tekstila kao i krupnog (glomaznog) komunalnog otpada. Recikla\u017eno dvori\u0161te tako\u0111er mo\u017ee prihva\u0107ati i posebne kategorije otpada, kao \u0161to su akumulatori i baterije, te ambala\u017eni otpad.<\/p>\n\n\n\n<h2 class=\"wp-block-heading\"><a href=\"https:\/\/gospodarenjeotpadom.rijeka.hr\/cms\/eu-projekti\/nabava-spremnika-za-odvojeno-prikupljanje-otpada\/\">Nabava spremnika za odvojeno prikupljanje otpada<\/a><\/h2>\n\n\n\n<p>Cilj projekta nabave spremnika za odvojeno prikupljanje otpada je uspostava kvalitetnog, postojanog i energetski u\u010dinkovitog sustava sakupljanja komunalnog otpada u Gradu Rijeci. Ovim projektom nabavljaju se spremnici za odvojeno prikupljanje otpadnog papira i kartona, otpadne plastike, otpadnog stakla i biootpada, raznih zapremina, ozna\u010denih oznakom EU vidljivosti, koje \u0107e koristiti Komunalno dru\u0161tvo \u010cisto\u0107a.<\/p>\n","protected":false},"excerpt":{"rendered":"<p>Projekti Grada Rijeke s podru\u010dja gospodarenja otpadom: Izobrazno \u2013 informativne aktivnosti o odr\u017eivom gospodarenju otpadom Obzirom da je razvoj ekolo\u0161ke svijesti i usmjeravanje pona\u0161anja gra\u0111ana u cilju za\u0161tite okoli\u0161a, prvenstveno u cilju smanjenja stvaranja nepotrebnog otpada, te pove\u0107anja odvojenog skupljanja otpada, dugoro\u010dan proces mogu\u0107e ga je posti\u0107i samo sustavnom edukacijom svih dru\u0161tvenih skupina. S ciljem [&hellip;]<\/p>\n","protected":false},"author":2,"featured_media":0,"parent":0,"menu_order":4,"comment_status":"closed","ping_status":"closed","template":"","meta":{"_acf_changed":false,"footnotes":""},"class_list":["post-22","page","type-page","status-publish","hentry"],"acf":[],"_links":{"self":[{"href":"https:\/\/gospodarenjeotpadom.rijeka.hr\/cms\/wp-json\/wp\/v2\/pages\/22","targetHints":{"allow":["GET"]}}],"collection":[{"href":"https:\/\/gospodarenjeotpadom.rijeka.hr\/cms\/wp-json\/wp\/v2\/pages"}],"about":[{"href":"https:\/\/gospodarenjeotpadom.rijeka.hr\/cms\/wp-json\/wp\/v2\/types\/page"}],"author":[{"embeddable":true,"href":"https:\/\/gospodarenjeotpadom.rijeka.hr\/cms\/wp-json\/wp\/v2\/users\/2"}],"replies":[{"embeddable":true,"href":"https:\/\/gospodarenjeotpadom.rijeka.hr\/cms\/wp-json\/wp\/v2\/comments?post=22"}],"version-history":[{"count":23,"href":"https:\/\/gospodarenjeotpadom.rijeka.hr\/cms\/wp-json\/wp\/v2\/pages\/22\/revisions"}],"predecessor-version":[{"id":811,"href":"https:\/\/gospodarenjeotpadom.rijeka.hr\/cms\/wp-json\/wp\/v2\/pages\/22\/revisions\/811"}],"wp:attachment":[{"href":"https:\/\/gospodarenjeotpadom.rijeka.hr\/cms\/wp-json\/wp\/v2\/media?parent=22"}],"curies":[{"name":"wp","href":"https:\/\/api.w.org\/{rel}","templated":true}]}}